{"id":21644,"date":"2022-06-29T13:37:19","date_gmt":"2022-06-29T10:37:19","guid":{"rendered":"https:\/\/sivona.ee\/?post_type=product&#038;p=21644"},"modified":"2026-01-21T15:34:34","modified_gmt":"2026-01-21T13:34:34","slug":"sauna-hat-hockey-helmet-hikea-pukkaa-white-f0088","status":"publish","type":"product","link":"https:\/\/sivona.ee\/en\/product\/sauna-hat-hockey-helmet-hikea-pukkaa-white-f0088\/","title":{"rendered":"Sauna hat hockey helmet Hike\u00e4 Pukkaa white F0088"},"content":{"rendered":"<p>Sauna hat hockey helmet Hike\u00e4 Pukkaa white F0088 is a 6 mm felt hat that protects the scalp from hard steam. It is also nice to go from the steam room to the snow in winter with a felt hat. The right felt hat protects your head from high temperatures, thus avoiding dizziness and nausea. The body heat up, but the head remains clear. The sauna hat also keeps the hair from becoming hot and brittle with heat. It is also good to go with a hat to the barrel sauna, so the ears can\u2019t get cold and the mosquito can\u2019t attack. <strong>The perfect gift idea!<\/strong>\u00a0A sauna hat is a great gift for every sauna lover for any anniversary.<br \/>\nThe high-quality dry-felt hat retains its shape, does not become stuffy, absorbs moisture well and does not allow heat. A good sauna hat lasts for years! Wool is a self-cleaning material and does not need to be washed directly, but if you happen to need to clean the hat, do it by hand, under cool water, do not twist or stretch! To remove stubborn stains, use wool shampoo or a lighter children\u2019s soap. Dry spread out to maintain the shape of the hat.<\/p>\n","protected":false},"excerpt":{"rendered":"<p>6 mm felt hat<br \/>\n100% wool<br \/>\nSize: universal<\/p>\n","protected":false},"featured_media":21632,"template":"","meta":[],"product_brand":[],"product_cat":[165],"product_tag":[],"class_list":{"0":"post-21644","1":"product","2":"type-product","3":"status-publish","4":"has-post-thumbnail","6":"product_cat-mens-sauna-hats","8":"first","9":"instock","10":"purchasable","11":"product-type-simple"},"yoast_head":"<!-- This site is optimized with the Yoast SEO plugin v26.8 - https:\/\/yoast.com\/product\/yoast-seo-wordpress\/ -->\n<title>Sauna hat hockey helmet Hike\u00e4 Pukkaa white F0088 - Verkkokauppa<\/title>\n<meta name=\"description\" content=\"Saunahattu F0088 j\u00e4\u00e4kiekkokyp\u00e4r\u00e4 sopii hyvin sek\u00e4 miehelle, ett\u00e4 naiselle. Saunahattujen myynti, iso valikoima ja nopea toimitus.\" \/>\n<meta name=\"robots\" content=\"index, follow, max-snippet:-1, max-image-preview:large, max-video-preview:-1\" \/>\n<link rel=\"canonical\" href=\"https:\/\/sivona.ee\/en\/product\/sauna-hat-hockey-helmet-hikea-pukkaa-white-f0088\/\" \/>\n<meta property=\"og:locale\" content=\"en_US\" \/>\n<meta property=\"og:type\" content=\"article\" \/>\n<meta property=\"og:title\" content=\"Sauna hat hockey helmet Hike\u00e4 Pukkaa white F0088 - Verkkokauppa\" \/>\n<meta property=\"og:description\" content=\"Saunahattu F0088 j\u00e4\u00e4kiekkokyp\u00e4r\u00e4 sopii hyvin sek\u00e4 miehelle, ett\u00e4 naiselle. Saunahattujen myynti, iso valikoima ja nopea toimitus.\" \/>\n<meta property=\"og:url\" content=\"https:\/\/sivona.ee\/en\/product\/sauna-hat-hockey-helmet-hikea-pukkaa-white-f0088\/\" \/>\n<meta property=\"og:site_name\" content=\"Handicrafts Webstore\" \/>\n<meta property=\"article:publisher\" content=\"https:\/\/www.facebook.com\/OYSivona\" \/>\n<meta property=\"article:modified_time\" content=\"2026-01-21T13:34:34+00:00\" \/>\n<meta property=\"og:image\" content=\"https:\/\/sivona.ee\/wp-content\/uploads\/2020\/11\/saunamuts-f0088.jpg\" \/>\n\t<meta property=\"og:image:width\" content=\"800\" \/>\n\t<meta property=\"og:image:height\" content=\"600\" \/>\n\t<meta property=\"og:image:type\" content=\"image\/jpeg\" \/>\n<meta name=\"twitter:card\" content=\"summary_large_image\" \/>\n<meta name=\"twitter:label1\" content=\"Est. reading time\" \/>\n\t<meta name=\"twitter:data1\" content=\"1 minute\" \/>\n<script type=\"application\/ld+json\" class=\"yoast-schema-graph\">{\"@context\":\"https:\/\/schema.org\",\"@graph\":[{\"@type\":\"WebPage\",\"@id\":\"https:\/\/sivona.ee\/en\/product\/sauna-hat-hockey-helmet-hikea-pukkaa-white-f0088\/\",\"url\":\"https:\/\/sivona.ee\/en\/product\/sauna-hat-hockey-helmet-hikea-pukkaa-white-f0088\/\",\"name\":\"Sauna hat hockey helmet Hike\u00e4 Pukkaa white F0088 - Verkkokauppa\",\"isPartOf\":{\"@id\":\"https:\/\/sivona.ee\/en\/#website\"},\"primaryImageOfPage\":{\"@id\":\"https:\/\/sivona.ee\/en\/product\/sauna-hat-hockey-helmet-hikea-pukkaa-white-f0088\/#primaryimage\"},\"image\":{\"@id\":\"https:\/\/sivona.ee\/en\/product\/sauna-hat-hockey-helmet-hikea-pukkaa-white-f0088\/#primaryimage\"},\"thumbnailUrl\":\"https:\/\/sivona.ee\/wp-content\/uploads\/2020\/11\/saunamuts-f0088.jpg\",\"datePublished\":\"2022-06-29T10:37:19+00:00\",\"dateModified\":\"2026-01-21T13:34:34+00:00\",\"description\":\"Saunahattu F0088 j\u00e4\u00e4kiekkokyp\u00e4r\u00e4 sopii hyvin sek\u00e4 miehelle, ett\u00e4 naiselle. Saunahattujen myynti, iso valikoima ja nopea toimitus.\",\"breadcrumb\":{\"@id\":\"https:\/\/sivona.ee\/en\/product\/sauna-hat-hockey-helmet-hikea-pukkaa-white-f0088\/#breadcrumb\"},\"inLanguage\":\"en-US\",\"potentialAction\":[{\"@type\":\"ReadAction\",\"target\":[\"https:\/\/sivona.ee\/en\/product\/sauna-hat-hockey-helmet-hikea-pukkaa-white-f0088\/\"]}]},{\"@type\":\"ImageObject\",\"inLanguage\":\"en-US\",\"@id\":\"https:\/\/sivona.ee\/en\/product\/sauna-hat-hockey-helmet-hikea-pukkaa-white-f0088\/#primaryimage\",\"url\":\"https:\/\/sivona.ee\/wp-content\/uploads\/2020\/11\/saunamuts-f0088.jpg\",\"contentUrl\":\"https:\/\/sivona.ee\/wp-content\/uploads\/2020\/11\/saunamuts-f0088.jpg\",\"width\":800,\"height\":600,\"caption\":\"Sauna hat\"},{\"@type\":\"BreadcrumbList\",\"@id\":\"https:\/\/sivona.ee\/en\/product\/sauna-hat-hockey-helmet-hikea-pukkaa-white-f0088\/#breadcrumb\",\"itemListElement\":[{\"@type\":\"ListItem\",\"position\":1,\"name\":\"Home\",\"item\":\"https:\/\/sivona.ee\/en\/\"},{\"@type\":\"ListItem\",\"position\":2,\"name\":\"Webstore\",\"item\":\"https:\/\/sivona.ee\/en\/shop\/\"},{\"@type\":\"ListItem\",\"position\":3,\"name\":\"Sauna hat hockey helmet Hike\u00e4 Pukkaa white F0088\"}]},{\"@type\":\"WebSite\",\"@id\":\"https:\/\/sivona.ee\/en\/#website\",\"url\":\"https:\/\/sivona.ee\/en\/\",\"name\":\"Handicrafts Webstore\",\"description\":\"Handicraft Products e-shop\",\"potentialAction\":[{\"@type\":\"SearchAction\",\"target\":{\"@type\":\"EntryPoint\",\"urlTemplate\":\"https:\/\/sivona.ee\/en\/?s={search_term_string}\"},\"query-input\":{\"@type\":\"PropertyValueSpecification\",\"valueRequired\":true,\"valueName\":\"search_term_string\"}}],\"inLanguage\":\"en-US\"}]}<\/script>\n<!-- \/ Yoast SEO plugin. -->","yoast_head_json":{"title":"Sauna hat hockey helmet Hike\u00e4 Pukkaa white F0088 - Verkkokauppa","description":"Saunahattu F0088 j\u00e4\u00e4kiekkokyp\u00e4r\u00e4 sopii hyvin sek\u00e4 miehelle, ett\u00e4 naiselle. Saunahattujen myynti, iso valikoima ja nopea toimitus.","robots":{"index":"index","follow":"follow","max-snippet":"max-snippet:-1","max-image-preview":"max-image-preview:large","max-video-preview":"max-video-preview:-1"},"canonical":"https:\/\/sivona.ee\/en\/product\/sauna-hat-hockey-helmet-hikea-pukkaa-white-f0088\/","og_locale":"en_US","og_type":"article","og_title":"Sauna hat hockey helmet Hike\u00e4 Pukkaa white F0088 - Verkkokauppa","og_description":"Saunahattu F0088 j\u00e4\u00e4kiekkokyp\u00e4r\u00e4 sopii hyvin sek\u00e4 miehelle, ett\u00e4 naiselle. Saunahattujen myynti, iso valikoima ja nopea toimitus.","og_url":"https:\/\/sivona.ee\/en\/product\/sauna-hat-hockey-helmet-hikea-pukkaa-white-f0088\/","og_site_name":"Handicrafts Webstore","article_publisher":"https:\/\/www.facebook.com\/OYSivona","article_modified_time":"2026-01-21T13:34:34+00:00","og_image":[{"width":800,"height":600,"url":"https:\/\/sivona.ee\/wp-content\/uploads\/2020\/11\/saunamuts-f0088.jpg","type":"image\/jpeg"}],"twitter_card":"summary_large_image","twitter_misc":{"Est. reading time":"1 minute"},"schema":{"@context":"https:\/\/schema.org","@graph":[{"@type":"WebPage","@id":"https:\/\/sivona.ee\/en\/product\/sauna-hat-hockey-helmet-hikea-pukkaa-white-f0088\/","url":"https:\/\/sivona.ee\/en\/product\/sauna-hat-hockey-helmet-hikea-pukkaa-white-f0088\/","name":"Sauna hat hockey helmet Hike\u00e4 Pukkaa white F0088 - Verkkokauppa","isPartOf":{"@id":"https:\/\/sivona.ee\/en\/#website"},"primaryImageOfPage":{"@id":"https:\/\/sivona.ee\/en\/product\/sauna-hat-hockey-helmet-hikea-pukkaa-white-f0088\/#primaryimage"},"image":{"@id":"https:\/\/sivona.ee\/en\/product\/sauna-hat-hockey-helmet-hikea-pukkaa-white-f0088\/#primaryimage"},"thumbnailUrl":"https:\/\/sivona.ee\/wp-content\/uploads\/2020\/11\/saunamuts-f0088.jpg","datePublished":"2022-06-29T10:37:19+00:00","dateModified":"2026-01-21T13:34:34+00:00","description":"Saunahattu F0088 j\u00e4\u00e4kiekkokyp\u00e4r\u00e4 sopii hyvin sek\u00e4 miehelle, ett\u00e4 naiselle. Saunahattujen myynti, iso valikoima ja nopea toimitus.","breadcrumb":{"@id":"https:\/\/sivona.ee\/en\/product\/sauna-hat-hockey-helmet-hikea-pukkaa-white-f0088\/#breadcrumb"},"inLanguage":"en-US","potentialAction":[{"@type":"ReadAction","target":["https:\/\/sivona.ee\/en\/product\/sauna-hat-hockey-helmet-hikea-pukkaa-white-f0088\/"]}]},{"@type":"ImageObject","inLanguage":"en-US","@id":"https:\/\/sivona.ee\/en\/product\/sauna-hat-hockey-helmet-hikea-pukkaa-white-f0088\/#primaryimage","url":"https:\/\/sivona.ee\/wp-content\/uploads\/2020\/11\/saunamuts-f0088.jpg","contentUrl":"https:\/\/sivona.ee\/wp-content\/uploads\/2020\/11\/saunamuts-f0088.jpg","width":800,"height":600,"caption":"Sauna hat"},{"@type":"BreadcrumbList","@id":"https:\/\/sivona.ee\/en\/product\/sauna-hat-hockey-helmet-hikea-pukkaa-white-f0088\/#breadcrumb","itemListElement":[{"@type":"ListItem","position":1,"name":"Home","item":"https:\/\/sivona.ee\/en\/"},{"@type":"ListItem","position":2,"name":"Webstore","item":"https:\/\/sivona.ee\/en\/shop\/"},{"@type":"ListItem","position":3,"name":"Sauna hat hockey helmet Hike\u00e4 Pukkaa white F0088"}]},{"@type":"WebSite","@id":"https:\/\/sivona.ee\/en\/#website","url":"https:\/\/sivona.ee\/en\/","name":"Handicrafts Webstore","description":"Handicraft Products e-shop","potentialAction":[{"@type":"SearchAction","target":{"@type":"EntryPoint","urlTemplate":"https:\/\/sivona.ee\/en\/?s={search_term_string}"},"query-input":{"@type":"PropertyValueSpecification","valueRequired":true,"valueName":"search_term_string"}}],"inLanguage":"en-US"}]}},"_links":{"self":[{"href":"https:\/\/sivona.ee\/en\/wp-json\/wp\/v2\/product\/21644","targetHints":{"allow":["GET"]}}],"collection":[{"href":"https:\/\/sivona.ee\/en\/wp-json\/wp\/v2\/product"}],"about":[{"href":"https:\/\/sivona.ee\/en\/wp-json\/wp\/v2\/types\/product"}],"wp:featuredmedia":[{"embeddable":true,"href":"https:\/\/sivona.ee\/en\/wp-json\/wp\/v2\/media\/21632"}],"wp:attachment":[{"href":"https:\/\/sivona.ee\/en\/wp-json\/wp\/v2\/media?parent=21644"}],"wp:term":[{"taxonomy":"product_brand","embeddable":true,"href":"https:\/\/sivona.ee\/en\/wp-json\/wp\/v2\/product_brand?post=21644"},{"taxonomy":"product_cat","embeddable":true,"href":"https:\/\/sivona.ee\/en\/wp-json\/wp\/v2\/product_cat?post=21644"},{"taxonomy":"product_tag","embeddable":true,"href":"https:\/\/sivona.ee\/en\/wp-json\/wp\/v2\/product_tag?post=21644"}],"curies":[{"name":"wp","href":"https:\/\/api.w.org\/{rel}","templated":true}]}}