{"id":20372,"date":"2022-04-27T18:41:41","date_gmt":"2022-04-27T15:46:58","guid":{"rendered":"https:\/\/sivona.ee\/?post_type=product&#038;p=20372"},"modified":"2025-03-03T16:16:42","modified_gmt":"2025-03-03T14:16:42","slug":"jaakaappimagneetit","status":"publish","type":"product","link":"https:\/\/sivona.ee\/en\/product\/jaakaappimagneetit\/","title":{"rendered":"Fridge magnets with amber Finland 20+designs"},"content":{"rendered":"","protected":false},"excerpt":{"rendered":"<p>The product is glued together in layers of laser cut plywood and has a three-dimensional design. Decorated with genuine amber and most magnets have a 1 cent euro coin.<br \/>\nThickness: ca 7 mm<br \/>\nDimensions depending on the model: 59-103 x 50-125 mm<br \/>\n<strong><br \/>\nTO ADD THE PRODUCT TO THE BASKET CLICK ON THE DESIGN OPTIONS PICTURE<\/strong><\/p>\n","protected":false},"featured_media":20208,"template":"","meta":[],"product_brand":[],"product_cat":[1404,89],"product_tag":[],"class_list":{"0":"post-20372","1":"product","2":"type-product","3":"status-publish","4":"has-post-thumbnail","6":"product_cat-amber-souvenirs","7":"product_cat-fridge-magnets","9":"first","10":"instock","11":"purchasable","12":"product-type-variable"},"yoast_head":"<!-- This site is optimized with the Yoast SEO plugin v26.8 - https:\/\/yoast.com\/product\/yoast-seo-wordpress\/ -->\n<title>J\u00e4\u00e4kaappimagneetit - hyv\u00e4 valinta, nopea toimitus - Verkkokauppa<\/title>\n<meta name=\"description\" content=\"J\u00e4\u00e4kaappimagneetit aitoa meripihkaa. J\u00e4\u00e4kaappimagneettien myynti ja tukkumyynti. Laaja valikoima ja nopea toimitus.\" \/>\n<meta name=\"robots\" content=\"index, follow, max-snippet:-1, max-image-preview:large, max-video-preview:-1\" \/>\n<link rel=\"canonical\" href=\"https:\/\/sivona.ee\/en\/product\/jaakaappimagneetit\/\" \/>\n<meta property=\"og:locale\" content=\"en_US\" \/>\n<meta property=\"og:type\" content=\"article\" \/>\n<meta property=\"og:title\" content=\"J\u00e4\u00e4kaappimagneetit - hyv\u00e4 valinta, nopea toimitus - Verkkokauppa\" \/>\n<meta property=\"og:description\" content=\"J\u00e4\u00e4kaappimagneetit aitoa meripihkaa. J\u00e4\u00e4kaappimagneettien myynti ja tukkumyynti. Laaja valikoima ja nopea toimitus.\" \/>\n<meta property=\"og:url\" content=\"https:\/\/sivona.ee\/en\/product\/jaakaappimagneetit\/\" \/>\n<meta property=\"og:site_name\" content=\"Handicrafts Webstore\" \/>\n<meta property=\"article:publisher\" content=\"https:\/\/www.facebook.com\/OYSivona\" \/>\n<meta property=\"article:modified_time\" content=\"2025-03-03T14:16:42+00:00\" \/>\n<meta property=\"og:image\" content=\"https:\/\/sivona.ee\/wp-content\/uploads\/2022\/04\/jaakaappimagneetti.jpg\" \/>\n\t<meta property=\"og:image:width\" content=\"800\" \/>\n\t<meta property=\"og:image:height\" content=\"600\" \/>\n\t<meta property=\"og:image:type\" content=\"image\/jpeg\" \/>\n<meta name=\"twitter:card\" content=\"summary_large_image\" \/>\n<script type=\"application\/ld+json\" class=\"yoast-schema-graph\">{\"@context\":\"https:\/\/schema.org\",\"@graph\":[{\"@type\":\"WebPage\",\"@id\":\"https:\/\/sivona.ee\/en\/product\/jaakaappimagneetit\/\",\"url\":\"https:\/\/sivona.ee\/en\/product\/jaakaappimagneetit\/\",\"name\":\"J\u00e4\u00e4kaappimagneetit - hyv\u00e4 valinta, nopea toimitus - Verkkokauppa\",\"isPartOf\":{\"@id\":\"https:\/\/sivona.ee\/en\/#website\"},\"primaryImageOfPage\":{\"@id\":\"https:\/\/sivona.ee\/en\/product\/jaakaappimagneetit\/#primaryimage\"},\"image\":{\"@id\":\"https:\/\/sivona.ee\/en\/product\/jaakaappimagneetit\/#primaryimage\"},\"thumbnailUrl\":\"https:\/\/sivona.ee\/wp-content\/uploads\/2022\/04\/jaakaappimagneetti.jpg\",\"datePublished\":\"2022-04-27T15:46:58+00:00\",\"dateModified\":\"2025-03-03T14:16:42+00:00\",\"description\":\"J\u00e4\u00e4kaappimagneetit aitoa meripihkaa. J\u00e4\u00e4kaappimagneettien myynti ja tukkumyynti. Laaja valikoima ja nopea toimitus.\",\"breadcrumb\":{\"@id\":\"https:\/\/sivona.ee\/en\/product\/jaakaappimagneetit\/#breadcrumb\"},\"inLanguage\":\"en-US\",\"potentialAction\":[{\"@type\":\"ReadAction\",\"target\":[\"https:\/\/sivona.ee\/en\/product\/jaakaappimagneetit\/\"]}]},{\"@type\":\"ImageObject\",\"inLanguage\":\"en-US\",\"@id\":\"https:\/\/sivona.ee\/en\/product\/jaakaappimagneetit\/#primaryimage\",\"url\":\"https:\/\/sivona.ee\/wp-content\/uploads\/2022\/04\/jaakaappimagneetti.jpg\",\"contentUrl\":\"https:\/\/sivona.ee\/wp-content\/uploads\/2022\/04\/jaakaappimagneetti.jpg\",\"width\":800,\"height\":600,\"caption\":\"j\u00e4\u00e4kaappimagneetit\"},{\"@type\":\"BreadcrumbList\",\"@id\":\"https:\/\/sivona.ee\/en\/product\/jaakaappimagneetit\/#breadcrumb\",\"itemListElement\":[{\"@type\":\"ListItem\",\"position\":1,\"name\":\"Home\",\"item\":\"https:\/\/sivona.ee\/en\/\"},{\"@type\":\"ListItem\",\"position\":2,\"name\":\"Webstore\",\"item\":\"https:\/\/sivona.ee\/en\/shop\/\"},{\"@type\":\"ListItem\",\"position\":3,\"name\":\"Fridge magnets with amber Finland 20+designs\"}]},{\"@type\":\"WebSite\",\"@id\":\"https:\/\/sivona.ee\/en\/#website\",\"url\":\"https:\/\/sivona.ee\/en\/\",\"name\":\"Handicrafts Webstore\",\"description\":\"Handicraft Products e-shop\",\"potentialAction\":[{\"@type\":\"SearchAction\",\"target\":{\"@type\":\"EntryPoint\",\"urlTemplate\":\"https:\/\/sivona.ee\/en\/?s={search_term_string}\"},\"query-input\":{\"@type\":\"PropertyValueSpecification\",\"valueRequired\":true,\"valueName\":\"search_term_string\"}}],\"inLanguage\":\"en-US\"}]}<\/script>\n<!-- \/ Yoast SEO plugin. -->","yoast_head_json":{"title":"J\u00e4\u00e4kaappimagneetit - hyv\u00e4 valinta, nopea toimitus - Verkkokauppa","description":"J\u00e4\u00e4kaappimagneetit aitoa meripihkaa. J\u00e4\u00e4kaappimagneettien myynti ja tukkumyynti. Laaja valikoima ja nopea toimitus.","robots":{"index":"index","follow":"follow","max-snippet":"max-snippet:-1","max-image-preview":"max-image-preview:large","max-video-preview":"max-video-preview:-1"},"canonical":"https:\/\/sivona.ee\/en\/product\/jaakaappimagneetit\/","og_locale":"en_US","og_type":"article","og_title":"J\u00e4\u00e4kaappimagneetit - hyv\u00e4 valinta, nopea toimitus - Verkkokauppa","og_description":"J\u00e4\u00e4kaappimagneetit aitoa meripihkaa. J\u00e4\u00e4kaappimagneettien myynti ja tukkumyynti. Laaja valikoima ja nopea toimitus.","og_url":"https:\/\/sivona.ee\/en\/product\/jaakaappimagneetit\/","og_site_name":"Handicrafts Webstore","article_publisher":"https:\/\/www.facebook.com\/OYSivona","article_modified_time":"2025-03-03T14:16:42+00:00","og_image":[{"width":800,"height":600,"url":"https:\/\/sivona.ee\/wp-content\/uploads\/2022\/04\/jaakaappimagneetti.jpg","type":"image\/jpeg"}],"twitter_card":"summary_large_image","schema":{"@context":"https:\/\/schema.org","@graph":[{"@type":"WebPage","@id":"https:\/\/sivona.ee\/en\/product\/jaakaappimagneetit\/","url":"https:\/\/sivona.ee\/en\/product\/jaakaappimagneetit\/","name":"J\u00e4\u00e4kaappimagneetit - hyv\u00e4 valinta, nopea toimitus - Verkkokauppa","isPartOf":{"@id":"https:\/\/sivona.ee\/en\/#website"},"primaryImageOfPage":{"@id":"https:\/\/sivona.ee\/en\/product\/jaakaappimagneetit\/#primaryimage"},"image":{"@id":"https:\/\/sivona.ee\/en\/product\/jaakaappimagneetit\/#primaryimage"},"thumbnailUrl":"https:\/\/sivona.ee\/wp-content\/uploads\/2022\/04\/jaakaappimagneetti.jpg","datePublished":"2022-04-27T15:46:58+00:00","dateModified":"2025-03-03T14:16:42+00:00","description":"J\u00e4\u00e4kaappimagneetit aitoa meripihkaa. J\u00e4\u00e4kaappimagneettien myynti ja tukkumyynti. Laaja valikoima ja nopea toimitus.","breadcrumb":{"@id":"https:\/\/sivona.ee\/en\/product\/jaakaappimagneetit\/#breadcrumb"},"inLanguage":"en-US","potentialAction":[{"@type":"ReadAction","target":["https:\/\/sivona.ee\/en\/product\/jaakaappimagneetit\/"]}]},{"@type":"ImageObject","inLanguage":"en-US","@id":"https:\/\/sivona.ee\/en\/product\/jaakaappimagneetit\/#primaryimage","url":"https:\/\/sivona.ee\/wp-content\/uploads\/2022\/04\/jaakaappimagneetti.jpg","contentUrl":"https:\/\/sivona.ee\/wp-content\/uploads\/2022\/04\/jaakaappimagneetti.jpg","width":800,"height":600,"caption":"j\u00e4\u00e4kaappimagneetit"},{"@type":"BreadcrumbList","@id":"https:\/\/sivona.ee\/en\/product\/jaakaappimagneetit\/#breadcrumb","itemListElement":[{"@type":"ListItem","position":1,"name":"Home","item":"https:\/\/sivona.ee\/en\/"},{"@type":"ListItem","position":2,"name":"Webstore","item":"https:\/\/sivona.ee\/en\/shop\/"},{"@type":"ListItem","position":3,"name":"Fridge magnets with amber Finland 20+designs"}]},{"@type":"WebSite","@id":"https:\/\/sivona.ee\/en\/#website","url":"https:\/\/sivona.ee\/en\/","name":"Handicrafts Webstore","description":"Handicraft Products e-shop","potentialAction":[{"@type":"SearchAction","target":{"@type":"EntryPoint","urlTemplate":"https:\/\/sivona.ee\/en\/?s={search_term_string}"},"query-input":{"@type":"PropertyValueSpecification","valueRequired":true,"valueName":"search_term_string"}}],"inLanguage":"en-US"}]}},"_links":{"self":[{"href":"https:\/\/sivona.ee\/en\/wp-json\/wp\/v2\/product\/20372","targetHints":{"allow":["GET"]}}],"collection":[{"href":"https:\/\/sivona.ee\/en\/wp-json\/wp\/v2\/product"}],"about":[{"href":"https:\/\/sivona.ee\/en\/wp-json\/wp\/v2\/types\/product"}],"wp:featuredmedia":[{"embeddable":true,"href":"https:\/\/sivona.ee\/en\/wp-json\/wp\/v2\/media\/20208"}],"wp:attachment":[{"href":"https:\/\/sivona.ee\/en\/wp-json\/wp\/v2\/media?parent=20372"}],"wp:term":[{"taxonomy":"product_brand","embeddable":true,"href":"https:\/\/sivona.ee\/en\/wp-json\/wp\/v2\/product_brand?post=20372"},{"taxonomy":"product_cat","embeddable":true,"href":"https:\/\/sivona.ee\/en\/wp-json\/wp\/v2\/product_cat?post=20372"},{"taxonomy":"product_tag","embeddable":true,"href":"https:\/\/sivona.ee\/en\/wp-json\/wp\/v2\/product_tag?post=20372"}],"curies":[{"name":"wp","href":"https:\/\/api.w.org\/{rel}","templated":true}]}}