{"id":20187,"date":"2022-04-25T17:56:25","date_gmt":"2022-04-25T14:56:25","guid":{"rendered":"https:\/\/sivona.ee\/toode\/saunahattu-jaakiekkokypara\/"},"modified":"2026-03-09T12:03:03","modified_gmt":"2026-03-09T10:03:03","slug":"saunahattu-jaakiekkokypara","status":"publish","type":"product","link":"https:\/\/sivona.ee\/en\/product\/saunahattu-jaakiekkokypara\/","title":{"rendered":"Sauna hat hockey helmet Finland white F0089"},"content":{"rendered":"<p>Saunahattu j\u00e4\u00e4kiekkokyp\u00e4r\u00e4 pit\u00e4\u00e4 p\u00e4\u00e4n viile\u00e4n\u00e4 kuumissakin l\u00f6ylyiss\u00e4 ja suojaa p\u00e4\u00e4t\u00e4 ja korvia . Varsinkin kalju saattaa l\u00f6ylyss\u00e4 h\u00f6yryt\u00e4 &#8211; k\u00e4yt\u00e4 saunahattua, niin voit olla pidemp\u00e4\u00e4n kuumissa l\u00f6ylyiss\u00e4! Paljuhattu suojaa paljussa istujan p\u00e4\u00e4n kylmyydelt\u00e4. Saunahattu sopii hyvin sek\u00e4 miehelle, ett\u00e4 naiselle. Sopii hyvin my\u00f6s lahjaksi tai vaikka naamiaisasusteeksi.<\/p>\n","protected":false},"excerpt":{"rendered":"<p>6 mm felt hat<br \/>\n100% wool<br \/>\nSize: universal<\/p>\n","protected":false},"featured_media":20185,"template":"","meta":[],"product_brand":[],"product_cat":[165,756],"product_tag":[],"class_list":{"0":"post-20187","1":"product","2":"type-product","3":"status-publish","4":"has-post-thumbnail","6":"product_cat-mens-sauna-hats","7":"product_cat-sauna-hats","9":"first","10":"outofstock","11":"purchasable","12":"product-type-simple"},"yoast_head":"<!-- This site is optimized with the Yoast SEO plugin v26.8 - https:\/\/yoast.com\/product\/yoast-seo-wordpress\/ -->\n<title>Saunahattu j\u00e4\u00e4kiekkokyp\u00e4r\u00e4 - toimitus Suomeen - Verkkokauppa<\/title>\n<meta name=\"description\" content=\"Saunahattu j\u00e4\u00e4kiekkokyp\u00e4r\u00e4 sopii hyvin sek\u00e4 miehelle, ett\u00e4 naiselle. Saunahattujen myynti, iso valikoima ja nopea toimitus.\" \/>\n<meta name=\"robots\" content=\"index, follow, max-snippet:-1, max-image-preview:large, max-video-preview:-1\" \/>\n<link rel=\"canonical\" href=\"https:\/\/sivona.ee\/en\/product\/saunahattu-jaakiekkokypara\/\" \/>\n<meta property=\"og:locale\" content=\"en_US\" \/>\n<meta property=\"og:type\" content=\"article\" \/>\n<meta property=\"og:title\" content=\"Saunahattu j\u00e4\u00e4kiekkokyp\u00e4r\u00e4 - toimitus Suomeen - Verkkokauppa\" \/>\n<meta property=\"og:description\" content=\"Saunahattu j\u00e4\u00e4kiekkokyp\u00e4r\u00e4 sopii hyvin sek\u00e4 miehelle, ett\u00e4 naiselle. Saunahattujen myynti, iso valikoima ja nopea toimitus.\" \/>\n<meta property=\"og:url\" content=\"https:\/\/sivona.ee\/en\/product\/saunahattu-jaakiekkokypara\/\" \/>\n<meta property=\"og:site_name\" content=\"Handicrafts Webstore\" \/>\n<meta property=\"article:publisher\" content=\"https:\/\/www.facebook.com\/OYSivona\" \/>\n<meta property=\"article:modified_time\" content=\"2026-03-09T10:03:03+00:00\" \/>\n<meta property=\"og:image\" content=\"https:\/\/sivona.ee\/wp-content\/uploads\/2022\/04\/saunahattu.jpg\" \/>\n\t<meta property=\"og:image:width\" content=\"800\" \/>\n\t<meta property=\"og:image:height\" content=\"600\" \/>\n\t<meta property=\"og:image:type\" content=\"image\/jpeg\" \/>\n<meta name=\"twitter:card\" content=\"summary_large_image\" \/>\n<script type=\"application\/ld+json\" class=\"yoast-schema-graph\">{\"@context\":\"https:\/\/schema.org\",\"@graph\":[{\"@type\":\"WebPage\",\"@id\":\"https:\/\/sivona.ee\/en\/product\/saunahattu-jaakiekkokypara\/\",\"url\":\"https:\/\/sivona.ee\/en\/product\/saunahattu-jaakiekkokypara\/\",\"name\":\"Saunahattu j\u00e4\u00e4kiekkokyp\u00e4r\u00e4 - toimitus Suomeen - Verkkokauppa\",\"isPartOf\":{\"@id\":\"https:\/\/sivona.ee\/en\/#website\"},\"primaryImageOfPage\":{\"@id\":\"https:\/\/sivona.ee\/en\/product\/saunahattu-jaakiekkokypara\/#primaryimage\"},\"image\":{\"@id\":\"https:\/\/sivona.ee\/en\/product\/saunahattu-jaakiekkokypara\/#primaryimage\"},\"thumbnailUrl\":\"https:\/\/sivona.ee\/wp-content\/uploads\/2022\/04\/saunahattu.jpg\",\"datePublished\":\"2022-04-25T14:56:25+00:00\",\"dateModified\":\"2026-03-09T10:03:03+00:00\",\"description\":\"Saunahattu j\u00e4\u00e4kiekkokyp\u00e4r\u00e4 sopii hyvin sek\u00e4 miehelle, ett\u00e4 naiselle. Saunahattujen myynti, iso valikoima ja nopea toimitus.\",\"breadcrumb\":{\"@id\":\"https:\/\/sivona.ee\/en\/product\/saunahattu-jaakiekkokypara\/#breadcrumb\"},\"inLanguage\":\"en-US\",\"potentialAction\":[{\"@type\":\"ReadAction\",\"target\":[\"https:\/\/sivona.ee\/en\/product\/saunahattu-jaakiekkokypara\/\"]}]},{\"@type\":\"ImageObject\",\"inLanguage\":\"en-US\",\"@id\":\"https:\/\/sivona.ee\/en\/product\/saunahattu-jaakiekkokypara\/#primaryimage\",\"url\":\"https:\/\/sivona.ee\/wp-content\/uploads\/2022\/04\/saunahattu.jpg\",\"contentUrl\":\"https:\/\/sivona.ee\/wp-content\/uploads\/2022\/04\/saunahattu.jpg\",\"width\":800,\"height\":600,\"caption\":\"saunahattu j\u00e4\u00e4kiekkokyp\u00e4r\u00e4\"},{\"@type\":\"BreadcrumbList\",\"@id\":\"https:\/\/sivona.ee\/en\/product\/saunahattu-jaakiekkokypara\/#breadcrumb\",\"itemListElement\":[{\"@type\":\"ListItem\",\"position\":1,\"name\":\"Home\",\"item\":\"https:\/\/sivona.ee\/en\/\"},{\"@type\":\"ListItem\",\"position\":2,\"name\":\"Webstore\",\"item\":\"https:\/\/sivona.ee\/en\/shop\/\"},{\"@type\":\"ListItem\",\"position\":3,\"name\":\"Sauna hat hockey helmet Finland white F0089\"}]},{\"@type\":\"WebSite\",\"@id\":\"https:\/\/sivona.ee\/en\/#website\",\"url\":\"https:\/\/sivona.ee\/en\/\",\"name\":\"Handicrafts Webstore\",\"description\":\"Handicraft Products e-shop\",\"potentialAction\":[{\"@type\":\"SearchAction\",\"target\":{\"@type\":\"EntryPoint\",\"urlTemplate\":\"https:\/\/sivona.ee\/en\/?s={search_term_string}\"},\"query-input\":{\"@type\":\"PropertyValueSpecification\",\"valueRequired\":true,\"valueName\":\"search_term_string\"}}],\"inLanguage\":\"en-US\"}]}<\/script>\n<!-- \/ Yoast SEO plugin. -->","yoast_head_json":{"title":"Saunahattu j\u00e4\u00e4kiekkokyp\u00e4r\u00e4 - toimitus Suomeen - Verkkokauppa","description":"Saunahattu j\u00e4\u00e4kiekkokyp\u00e4r\u00e4 sopii hyvin sek\u00e4 miehelle, ett\u00e4 naiselle. Saunahattujen myynti, iso valikoima ja nopea toimitus.","robots":{"index":"index","follow":"follow","max-snippet":"max-snippet:-1","max-image-preview":"max-image-preview:large","max-video-preview":"max-video-preview:-1"},"canonical":"https:\/\/sivona.ee\/en\/product\/saunahattu-jaakiekkokypara\/","og_locale":"en_US","og_type":"article","og_title":"Saunahattu j\u00e4\u00e4kiekkokyp\u00e4r\u00e4 - toimitus Suomeen - Verkkokauppa","og_description":"Saunahattu j\u00e4\u00e4kiekkokyp\u00e4r\u00e4 sopii hyvin sek\u00e4 miehelle, ett\u00e4 naiselle. Saunahattujen myynti, iso valikoima ja nopea toimitus.","og_url":"https:\/\/sivona.ee\/en\/product\/saunahattu-jaakiekkokypara\/","og_site_name":"Handicrafts Webstore","article_publisher":"https:\/\/www.facebook.com\/OYSivona","article_modified_time":"2026-03-09T10:03:03+00:00","og_image":[{"width":800,"height":600,"url":"https:\/\/sivona.ee\/wp-content\/uploads\/2022\/04\/saunahattu.jpg","type":"image\/jpeg"}],"twitter_card":"summary_large_image","schema":{"@context":"https:\/\/schema.org","@graph":[{"@type":"WebPage","@id":"https:\/\/sivona.ee\/en\/product\/saunahattu-jaakiekkokypara\/","url":"https:\/\/sivona.ee\/en\/product\/saunahattu-jaakiekkokypara\/","name":"Saunahattu j\u00e4\u00e4kiekkokyp\u00e4r\u00e4 - toimitus Suomeen - Verkkokauppa","isPartOf":{"@id":"https:\/\/sivona.ee\/en\/#website"},"primaryImageOfPage":{"@id":"https:\/\/sivona.ee\/en\/product\/saunahattu-jaakiekkokypara\/#primaryimage"},"image":{"@id":"https:\/\/sivona.ee\/en\/product\/saunahattu-jaakiekkokypara\/#primaryimage"},"thumbnailUrl":"https:\/\/sivona.ee\/wp-content\/uploads\/2022\/04\/saunahattu.jpg","datePublished":"2022-04-25T14:56:25+00:00","dateModified":"2026-03-09T10:03:03+00:00","description":"Saunahattu j\u00e4\u00e4kiekkokyp\u00e4r\u00e4 sopii hyvin sek\u00e4 miehelle, ett\u00e4 naiselle. Saunahattujen myynti, iso valikoima ja nopea toimitus.","breadcrumb":{"@id":"https:\/\/sivona.ee\/en\/product\/saunahattu-jaakiekkokypara\/#breadcrumb"},"inLanguage":"en-US","potentialAction":[{"@type":"ReadAction","target":["https:\/\/sivona.ee\/en\/product\/saunahattu-jaakiekkokypara\/"]}]},{"@type":"ImageObject","inLanguage":"en-US","@id":"https:\/\/sivona.ee\/en\/product\/saunahattu-jaakiekkokypara\/#primaryimage","url":"https:\/\/sivona.ee\/wp-content\/uploads\/2022\/04\/saunahattu.jpg","contentUrl":"https:\/\/sivona.ee\/wp-content\/uploads\/2022\/04\/saunahattu.jpg","width":800,"height":600,"caption":"saunahattu j\u00e4\u00e4kiekkokyp\u00e4r\u00e4"},{"@type":"BreadcrumbList","@id":"https:\/\/sivona.ee\/en\/product\/saunahattu-jaakiekkokypara\/#breadcrumb","itemListElement":[{"@type":"ListItem","position":1,"name":"Home","item":"https:\/\/sivona.ee\/en\/"},{"@type":"ListItem","position":2,"name":"Webstore","item":"https:\/\/sivona.ee\/en\/shop\/"},{"@type":"ListItem","position":3,"name":"Sauna hat hockey helmet Finland white F0089"}]},{"@type":"WebSite","@id":"https:\/\/sivona.ee\/en\/#website","url":"https:\/\/sivona.ee\/en\/","name":"Handicrafts Webstore","description":"Handicraft Products e-shop","potentialAction":[{"@type":"SearchAction","target":{"@type":"EntryPoint","urlTemplate":"https:\/\/sivona.ee\/en\/?s={search_term_string}"},"query-input":{"@type":"PropertyValueSpecification","valueRequired":true,"valueName":"search_term_string"}}],"inLanguage":"en-US"}]}},"_links":{"self":[{"href":"https:\/\/sivona.ee\/en\/wp-json\/wp\/v2\/product\/20187","targetHints":{"allow":["GET"]}}],"collection":[{"href":"https:\/\/sivona.ee\/en\/wp-json\/wp\/v2\/product"}],"about":[{"href":"https:\/\/sivona.ee\/en\/wp-json\/wp\/v2\/types\/product"}],"wp:featuredmedia":[{"embeddable":true,"href":"https:\/\/sivona.ee\/en\/wp-json\/wp\/v2\/media\/20185"}],"wp:attachment":[{"href":"https:\/\/sivona.ee\/en\/wp-json\/wp\/v2\/media?parent=20187"}],"wp:term":[{"taxonomy":"product_brand","embeddable":true,"href":"https:\/\/sivona.ee\/en\/wp-json\/wp\/v2\/product_brand?post=20187"},{"taxonomy":"product_cat","embeddable":true,"href":"https:\/\/sivona.ee\/en\/wp-json\/wp\/v2\/product_cat?post=20187"},{"taxonomy":"product_tag","embeddable":true,"href":"https:\/\/sivona.ee\/en\/wp-json\/wp\/v2\/product_tag?post=20187"}],"curies":[{"name":"wp","href":"https:\/\/api.w.org\/{rel}","templated":true}]}}